{"id":3221,"date":"2021-11-21T19:15:03","date_gmt":"2021-11-21T18:15:03","guid":{"rendered":"https:\/\/prosain.fr\/?page_id=3221"},"modified":"2021-11-21T19:15:45","modified_gmt":"2021-11-21T18:15:45","slug":"lagriculture-biologique","status":"publish","type":"page","link":"https:\/\/prosain.fr\/faq\/lagriculture-biologique\/","title":{"rendered":"L&#8217;agriculture biologique"},"content":{"rendered":"","protected":false},"excerpt":{"rendered":"","protected":false},"author":5,"featured_media":0,"parent":3219,"menu_order":0,"comment_status":"closed","ping_status":"closed","template":"template_faq.php","meta":{"_monsterinsights_skip_tracking":false,"_monsterinsights_sitenote_active":false,"_monsterinsights_sitenote_note":"","_monsterinsights_sitenote_category":0,"_glsr_average":0,"_glsr_ranking":0,"_glsr_reviews":0},"acf":[],"yoast_head":"<!-- This site is optimized with the Yoast SEO Premium plugin v19.4 (Yoast SEO v19.9) - https:\/\/yoast.com\/wordpress\/plugins\/seo\/ -->\n<title>L&#039;agriculture biologique - Prosain<\/title>\n<meta name=\"description\" content=\"L&#039;agriculture biologique . Retrouvez L&#039;agriculture biologique de Prosain\" \/>\n<meta name=\"robots\" content=\"index, follow, max-snippet:-1, max-image-preview:large, max-video-preview:-1\" \/>\n<link rel=\"canonical\" href=\"https:\/\/prosain.fr\/en\/faq\/lagriculture-biologique\/\" \/>\n<meta property=\"og:locale\" content=\"en_US\" \/>\n<meta property=\"og:type\" content=\"article\" \/>\n<meta property=\"og:title\" content=\"L&#039;agriculture biologique\" \/>\n<meta property=\"og:description\" content=\"L&#039;agriculture biologique . Retrouvez L&#039;agriculture biologique de Prosain\" \/>\n<meta property=\"og:url\" content=\"https:\/\/prosain.fr\/faq\/lagriculture-biologique\/\" \/>\n<meta property=\"og:site_name\" content=\"Prosain\" \/>\n<meta property=\"article:modified_time\" content=\"2021-11-21T18:15:45+00:00\" \/>\n<meta name=\"twitter:card\" content=\"summary_large_image\" \/>\n<script type=\"application\/ld+json\" class=\"yoast-schema-graph\">{\"@context\":\"https:\/\/schema.org\",\"@graph\":[{\"@type\":\"WebPage\",\"@id\":\"https:\/\/prosain.fr\/faq\/lagriculture-biologique\/\",\"url\":\"https:\/\/prosain.fr\/faq\/lagriculture-biologique\/\",\"name\":\"L'agriculture biologique - Prosain\",\"isPartOf\":{\"@id\":\"https:\/\/prosain.fr\/en\/#website\"},\"datePublished\":\"2021-11-21T18:15:03+00:00\",\"dateModified\":\"2021-11-21T18:15:45+00:00\",\"description\":\"L'agriculture biologique . Retrouvez L'agriculture biologique de Prosain\",\"breadcrumb\":{\"@id\":\"https:\/\/prosain.fr\/faq\/lagriculture-biologique\/#breadcrumb\"},\"inLanguage\":\"en-US\",\"potentialAction\":[{\"@type\":\"ReadAction\",\"target\":[\"https:\/\/prosain.fr\/faq\/lagriculture-biologique\/\"]}]},{\"@type\":\"BreadcrumbList\",\"@id\":\"https:\/\/prosain.fr\/faq\/lagriculture-biologique\/#breadcrumb\",\"itemListElement\":[{\"@type\":\"ListItem\",\"position\":1,\"name\":\"Prosain\",\"item\":\"https:\/\/prosain.fr\/en\/\"},{\"@type\":\"ListItem\",\"position\":2,\"name\":\"FAQ\",\"item\":\"http:\/\/prosain.fr\/en\/faq\/\"},{\"@type\":\"ListItem\",\"position\":3,\"name\":\"L&rsquo;agriculture biologique\"}]},{\"@type\":\"WebSite\",\"@id\":\"https:\/\/prosain.fr\/en\/#website\",\"url\":\"https:\/\/prosain.fr\/en\/\",\"name\":\"Prosain\",\"description\":\"Le sp\u00e9cialiste de l&#039;alimentation biologique et des produits BIO vous apporte sant\u00e9 et bien-\u00eatre\",\"publisher\":{\"@id\":\"https:\/\/prosain.fr\/en\/#organization\"},\"potentialAction\":[{\"@type\":\"SearchAction\",\"target\":{\"@type\":\"EntryPoint\",\"urlTemplate\":\"https:\/\/prosain.fr\/en\/?s={search_term_string}\"},\"query-input\":\"required name=search_term_string\"}],\"inLanguage\":\"en-US\"},{\"@type\":\"Organization\",\"@id\":\"https:\/\/prosain.fr\/en\/#organization\",\"name\":\"Prosain\",\"url\":\"https:\/\/prosain.fr\/en\/\",\"logo\":{\"@type\":\"ImageObject\",\"inLanguage\":\"en-US\",\"@id\":\"https:\/\/prosain.fr\/en\/#\/schema\/logo\/image\/\",\"url\":\"https:\/\/prosain.fr\/wp-content\/uploads\/2021\/10\/prosain.png\",\"contentUrl\":\"https:\/\/prosain.fr\/wp-content\/uploads\/2021\/10\/prosain.png\",\"width\":353,\"height\":151,\"caption\":\"Prosain\"},\"image\":{\"@id\":\"https:\/\/prosain.fr\/en\/#\/schema\/logo\/image\/\"}}]}<\/script>\n<!-- \/ Yoast SEO Premium plugin. -->","yoast_head_json":{"title":"L'agriculture biologique - Prosain","description":"L'agriculture biologique . Retrouvez L'agriculture biologique de Prosain","robots":{"index":"index","follow":"follow","max-snippet":"max-snippet:-1","max-image-preview":"max-image-preview:large","max-video-preview":"max-video-preview:-1"},"canonical":"https:\/\/prosain.fr\/en\/faq\/lagriculture-biologique\/","og_locale":"en_US","og_type":"article","og_title":"L'agriculture biologique","og_description":"L'agriculture biologique . Retrouvez L'agriculture biologique de Prosain","og_url":"https:\/\/prosain.fr\/faq\/lagriculture-biologique\/","og_site_name":"Prosain","article_modified_time":"2021-11-21T18:15:45+00:00","twitter_card":"summary_large_image","schema":{"@context":"https:\/\/schema.org","@graph":[{"@type":"WebPage","@id":"https:\/\/prosain.fr\/faq\/lagriculture-biologique\/","url":"https:\/\/prosain.fr\/faq\/lagriculture-biologique\/","name":"L'agriculture biologique - Prosain","isPartOf":{"@id":"https:\/\/prosain.fr\/en\/#website"},"datePublished":"2021-11-21T18:15:03+00:00","dateModified":"2021-11-21T18:15:45+00:00","description":"L'agriculture biologique . Retrouvez L'agriculture biologique de Prosain","breadcrumb":{"@id":"https:\/\/prosain.fr\/faq\/lagriculture-biologique\/#breadcrumb"},"inLanguage":"en-US","potentialAction":[{"@type":"ReadAction","target":["https:\/\/prosain.fr\/faq\/lagriculture-biologique\/"]}]},{"@type":"BreadcrumbList","@id":"https:\/\/prosain.fr\/faq\/lagriculture-biologique\/#breadcrumb","itemListElement":[{"@type":"ListItem","position":1,"name":"Prosain","item":"https:\/\/prosain.fr\/en\/"},{"@type":"ListItem","position":2,"name":"FAQ","item":"http:\/\/prosain.fr\/en\/faq\/"},{"@type":"ListItem","position":3,"name":"L&rsquo;agriculture biologique"}]},{"@type":"WebSite","@id":"https:\/\/prosain.fr\/en\/#website","url":"https:\/\/prosain.fr\/en\/","name":"Prosain","description":"Le sp\u00e9cialiste de l&#039;alimentation biologique et des produits BIO vous apporte sant\u00e9 et bien-\u00eatre","publisher":{"@id":"https:\/\/prosain.fr\/en\/#organization"},"potentialAction":[{"@type":"SearchAction","target":{"@type":"EntryPoint","urlTemplate":"https:\/\/prosain.fr\/en\/?s={search_term_string}"},"query-input":"required name=search_term_string"}],"inLanguage":"en-US"},{"@type":"Organization","@id":"https:\/\/prosain.fr\/en\/#organization","name":"Prosain","url":"https:\/\/prosain.fr\/en\/","logo":{"@type":"ImageObject","inLanguage":"en-US","@id":"https:\/\/prosain.fr\/en\/#\/schema\/logo\/image\/","url":"https:\/\/prosain.fr\/wp-content\/uploads\/2021\/10\/prosain.png","contentUrl":"https:\/\/prosain.fr\/wp-content\/uploads\/2021\/10\/prosain.png","width":353,"height":151,"caption":"Prosain"},"image":{"@id":"https:\/\/prosain.fr\/en\/#\/schema\/logo\/image\/"}}]}},"_links":{"self":[{"href":"https:\/\/prosain.fr\/en\/wp-json\/wp\/v2\/pages\/3221"}],"collection":[{"href":"https:\/\/prosain.fr\/en\/wp-json\/wp\/v2\/pages"}],"about":[{"href":"https:\/\/prosain.fr\/en\/wp-json\/wp\/v2\/types\/page"}],"author":[{"embeddable":true,"href":"https:\/\/prosain.fr\/en\/wp-json\/wp\/v2\/users\/5"}],"replies":[{"embeddable":true,"href":"https:\/\/prosain.fr\/en\/wp-json\/wp\/v2\/comments?post=3221"}],"version-history":[{"count":1,"href":"https:\/\/prosain.fr\/en\/wp-json\/wp\/v2\/pages\/3221\/revisions"}],"predecessor-version":[{"id":6626,"href":"https:\/\/prosain.fr\/en\/wp-json\/wp\/v2\/pages\/3221\/revisions\/6626"}],"up":[{"embeddable":true,"href":"https:\/\/prosain.fr\/en\/wp-json\/wp\/v2\/pages\/3219"}],"wp:attachment":[{"href":"https:\/\/prosain.fr\/en\/wp-json\/wp\/v2\/media?parent=3221"}],"curies":[{"name":"wp","href":"https:\/\/api.w.org\/{rel}","templated":true}]}}