{"id":1667,"date":"2021-10-21T00:06:17","date_gmt":"2021-10-20T22:06:17","guid":{"rendered":"https:\/\/prosain.fr\/?page_id=1667"},"modified":"2024-01-26T10:46:10","modified_gmt":"2024-01-26T09:46:10","slug":"contact","status":"publish","type":"page","link":"https:\/\/prosain.fr\/contact\/","title":{"rendered":"Contact"},"content":{"rendered":"<script type=\"text\/javascript\">var gform;gform||(document.addEventListener(\"gform_main_scripts_loaded\",function(){gform.scriptsLoaded=!0}),window.addEventListener(\"DOMContentLoaded\",function(){gform.domLoaded=!0}),gform={domLoaded:!1,scriptsLoaded:!1,initializeOnLoaded:function(o){gform.domLoaded&&gform.scriptsLoaded?o():!gform.domLoaded&&gform.scriptsLoaded?window.addEventListener(\"DOMContentLoaded\",o):document.addEventListener(\"gform_main_scripts_loaded\",o)},hooks:{action:{},filter:{}},addAction:function(o,n,r,t){gform.addHook(\"action\",o,n,r,t)},addFilter:function(o,n,r,t){gform.addHook(\"filter\",o,n,r,t)},doAction:function(o){gform.doHook(\"action\",o,arguments)},applyFilters:function(o){return gform.doHook(\"filter\",o,arguments)},removeAction:function(o,n){gform.removeHook(\"action\",o,n)},removeFilter:function(o,n,r){gform.removeHook(\"filter\",o,n,r)},addHook:function(o,n,r,t,i){null==gform.hooks[o][n]&&(gform.hooks[o][n]=[]);var e=gform.hooks[o][n];null==i&&(i=n+\"_\"+e.length),gform.hooks[o][n].push({tag:i,callable:r,priority:t=null==t?10:t})},doHook:function(n,o,r){var t;if(r=Array.prototype.slice.call(r,1),null!=gform.hooks[n][o]&&((o=gform.hooks[n][o]).sort(function(o,n){return o.priority-n.priority}),o.forEach(function(o){\"function\"!=typeof(t=o.callable)&&(t=window[t]),\"action\"==n?t.apply(null,r):r[0]=t.apply(null,r)})),\"filter\"==n)return r[0]},removeHook:function(o,n,t,i){var r;null!=gform.hooks[o][n]&&(r=(r=gform.hooks[o][n]).filter(function(o,n,r){return!!(null!=i&&i!=o.tag||null!=t&&t!=o.priority)}),gform.hooks[o][n]=r)}});<\/script>\n                <div class='gf_browser_gecko gform_wrapper gravity-theme asterix_wrapper' id='gform_wrapper_2' style='display:none'>\n                        <div class='gform_heading'>\n                            <h2 class=\"gform_title\">Contact<\/h2>\n                            <span class='gform_description'><\/span>\n\t\t\t\t\t\t\t<p class='gform_required_legend'>&quot;<span class=\"gfield_required gfield_required_asterisk\">*<\/span>&quot; indicates required fields<\/p>\n                        <\/div><form method='post' enctype='multipart\/form-data'  id='gform_2' class='asterix' action='\/en\/wp-json\/wp\/v2\/pages\/1667' novalidate>\n                        <div class='gform_body gform-body'><div id='gform_fields_2' class='gform_fields top_label form_sublabel_below description_below'><fieldset id=\"field_2_2\"  class=\"gfield gfield_contains_required field_sublabel_below field_description_below gfield_visibility_visible\"  data-js-reload=\"field_2_2\"><legend class='gfield_label gfield_label_before_complex'  >Civilit\u00e9<span class=\"gfield_required\"><span class=\"gfield_required gfield_required_asterisk\">*<\/span><\/span><\/legend><div class='ginput_complex ginput_container no_prefix has_first_name no_middle_name has_last_name no_suffix gf_name_has_2 ginput_container_name' id='input_2_2'>\n                            \n                            <span id='input_2_2_3_container' class='name_first' >\n                                                    <input type='text' name='input_2.3' id='input_2_2_3' value=''   aria-required='true'     \/>\n                                                    <label for='input_2_2_3' >First<\/label>\n                                                <\/span>\n                            \n                            <span id='input_2_2_6_container' class='name_last' >\n                                                    <input type='text' name='input_2.6' id='input_2_2_6' value=''   aria-required='true'     \/>\n                                                    <label for='input_2_2_6' >Last<\/label>\n                                                <\/span>\n                            \n                        <\/div><\/fieldset><div id=\"field_2_4\"  class=\"gfield gfield--width-full gfield_contains_required field_sublabel_below field_description_below gfield_visibility_visible\"  data-js-reload=\"field_2_4\"><label class='gfield_label' for='input_2_4' >E-mail<span class=\"gfield_required\"><span class=\"gfield_required gfield_required_asterisk\">*<\/span><\/span><\/label><div class='ginput_container ginput_container_email'>\n                            <input name='input_4' id='input_2_4' type='email' value='' class='large'    aria-required=\"true\" aria-invalid=\"false\"  \/>\n                        <\/div><\/div><div id=\"field_2_5\"  class=\"gfield gfield--width-full gfield_contains_required field_sublabel_below field_description_below gfield_visibility_visible\"  data-js-reload=\"field_2_5\"><label class='gfield_label' for='input_2_5' >Vous souhaitez<span class=\"gfield_required\"><span class=\"gfield_required gfield_required_asterisk\">*<\/span><\/span><\/label><div class='ginput_container ginput_container_select'><select name='input_5' id='input_2_5' class='large gfield_select'    aria-required=\"true\" aria-invalid=\"false\" ><option value='Des informations sur notre entreprise' >Des informations sur notre entreprise<\/option><option value='Avoir des renseignements sur un produit' >Avoir des renseignements sur un produit<\/option><option value='Contacter le service qualit\u00e9' >Contacter le service qualit\u00e9<\/option><option value='Contact professionnel' >Contact professionnel<\/option><option value='Postuler chez Prosain' >Postuler chez Prosain<\/option><option value='Autre' >Autre<\/option><\/select><\/div><\/div><div id=\"field_2_20\"  class=\"gfield gfield--width-full gfield_contains_required field_sublabel_below field_description_below gfield_visibility_visible\"  data-js-reload=\"field_2_20\"><label class='gfield_label' for='input_2_20' >Produit concern\u00e9<span class=\"gfield_required\"><span class=\"gfield_required gfield_required_asterisk\">*<\/span><\/span><\/label><div class='ginput_container ginput_container_text'><input name='input_20' id='input_2_20' type='text' value='' class='large'     aria-required=\"true\" aria-invalid=\"false\"   \/> <\/div><\/div><fieldset id=\"field_2_14\"  class=\"gfield gfield--width-full field_sublabel_below field_description_below gfield_visibility_visible\"  data-js-reload=\"field_2_14\"><legend class='gfield_label gfield_label_before_complex'  >Adresse<\/legend>    \n                    <div class='ginput_complex ginput_container has_street has_street2 has_city has_zip ginput_container_address' id='input_2_14' >\n                         <span class='ginput_full address_line_1 ginput_address_line_1' id='input_2_14_1_container' >\n                                        <input type='text' name='input_14.1' id='input_2_14_1' value=''    aria-required='false'    \/>\n                                        <label for='input_2_14_1' id='input_2_14_1_label' >Street Address<\/label>\n                                    <\/span><span class='ginput_full address_line_2 ginput_address_line_2' id='input_2_14_2_container' >\n                                        <input type='text' name='input_14.2' id='input_2_14_2' value=''     aria-required='false'   \/>\n                                        <label for='input_2_14_2' id='input_2_14_2_label' >Address Line 2<\/label>\n                                    <\/span><span class='ginput_left address_city ginput_address_city' id='input_2_14_3_container' >\n                                    <input type='text' name='input_14.3' id='input_2_14_3' value=''    aria-required='false'    \/>\n                                    <label for='input_2_14_3' id='input_2_14_3_label' >City<\/label>\n                                 <\/span><input type='hidden' class='gform_hidden' name='input_14.4' id='input_2_14_4' value=''\/><span class='ginput_right address_zip ginput_address_zip' id='input_2_14_5_container' >\n                                    <input type='text' name='input_14.5' id='input_2_14_5' value=''    aria-required='false'    \/>\n                                    <label for='input_2_14_5' id='input_2_14_5_label' >ZIP \/ Postal Code<\/label>\n                                <\/span><input type='hidden' class='gform_hidden' name='input_14.6' id='input_2_14_6' value='' \/>\n                    <div class='gf_clear gf_clear_complex'><\/div>\n                <\/div><\/fieldset><div id=\"field_2_13\"  class=\"gfield gfield--width-full gfield_contains_required field_sublabel_below field_description_below gfield_visibility_visible\"  data-js-reload=\"field_2_13\"><label class='gfield_label' for='input_2_13' >Produit concern\u00e9<span class=\"gfield_required\"><span class=\"gfield_required gfield_required_asterisk\">*<\/span><\/span><\/label><div class='ginput_container ginput_container_text'><input name='input_13' id='input_2_13' type='text' value='' class='large'     aria-required=\"true\" aria-invalid=\"false\"   \/> <\/div><\/div><div id=\"field_2_15\"  class=\"gfield gfield--width-quarter gfield_contains_required field_sublabel_below field_description_below gfield_visibility_visible\"  data-js-reload=\"field_2_15\"><label class='gfield_label' for='input_2_15' >N\u00b0 de lot<span class=\"gfield_required\"><span class=\"gfield_required gfield_required_asterisk\">*<\/span><\/span><\/label><div class='ginput_container ginput_container_text'><input name='input_15' id='input_2_15' type='text' value='' class='large'     aria-required=\"true\" aria-invalid=\"false\"   \/> <\/div><\/div><div id=\"field_2_17\"  class=\"gfield gfield--width-third gfield_contains_required field_sublabel_below field_description_below gfield_visibility_visible\"  data-js-reload=\"field_2_17\"><label class='gfield_label' for='input_2_17' >Date limite de consommation<span class=\"gfield_required\"><span class=\"gfield_required gfield_required_asterisk\">*<\/span><\/span><\/label><div class='ginput_container ginput_container_date'>\n                            <input name='input_17' id='input_2_17' type='text' value='' class='datepicker dmy datepicker_no_icon gdatepicker-no-icon'   placeholder='dd\/mm\/yyyy' aria-describedby=\"input_2_17_date_format\" aria-invalid=\"false\" aria-required=\"true\"\/>\n                            <span id='input_2_17_date_format' class='screen-reader-text'>DD slash MM slash YYYY<\/span>\n                        <\/div>\n                        <input type='hidden' id='gforms_calendar_icon_input_2_17' class='gform_hidden' value='https:\/\/prosain.fr\/wp-content\/plugins\/gravityforms\/images\/datepicker\/datepicker.svg'\/><\/div><div id=\"field_2_18\"  class=\"gfield gfield--width-five-twelfths gfield_contains_required field_sublabel_below field_description_below gfield_visibility_visible\"  data-js-reload=\"field_2_18\"><label class='gfield_label' for='input_2_18' >Code barre du produit<span class=\"gfield_required\"><span class=\"gfield_required gfield_required_asterisk\">*<\/span><\/span><\/label><div class='ginput_container ginput_container_text'><input name='input_18' id='input_2_18' type='text' value='' class='large'     aria-required=\"true\" aria-invalid=\"false\"   \/> <\/div><\/div><div class=\"spacer gfield\" style=\"grid-column: span 9;\"><\/div><div id=\"field_2_11\"  class=\"gfield gfield--width-full field_sublabel_below field_description_below gfield_visibility_visible\"  data-js-reload=\"field_2_11\"><label class='gfield_label' for='input_2_11' >Num\u00e9ro de t\u00e9l\u00e9phone<\/label><div class='ginput_container ginput_container_phone'><input name='input_11' id='input_2_11' type='tel' value='' class='large'    aria-invalid=\"false\"   \/><\/div><\/div><div class=\"spacer gfield\" style=\"grid-column: span 8;\"><\/div><div id=\"field_2_22\"  class=\"gfield gfield--width-full gfield_contains_required field_sublabel_below field_description_below gfield_visibility_visible\"  data-js-reload=\"field_2_22\"><label class='gfield_label' for='input_2_22' >Votre message<span class=\"gfield_required\"><span class=\"gfield_required gfield_required_asterisk\">*<\/span><\/span><\/label><div class='ginput_container ginput_container_textarea'><textarea name='input_22' id='input_2_22' class='textarea large'     aria-required=\"true\" aria-invalid=\"false\"   rows='10' cols='50'>\u00c9crivez ici votre message\u2026<\/textarea><\/div><\/div><div id=\"field_2_25\"  class=\"gfield gfield--width-full field_sublabel_below field_description_below gfield_visibility_visible\"  data-js-reload=\"field_2_25\"><label class='gfield_label' for='gform_browse_button_2_25' >Fichier(s)<\/label><div class='ginput_container ginput_container_fileupload'><div id='gform_multifile_upload_2_25' data-settings='{&quot;runtimes&quot;:&quot;html5,flash,html4&quot;,&quot;browse_button&quot;:&quot;gform_browse_button_2_25&quot;,&quot;container&quot;:&quot;gform_multifile_upload_2_25&quot;,&quot;drop_element&quot;:&quot;gform_drag_drop_area_2_25&quot;,&quot;filelist&quot;:&quot;gform_preview_2_25&quot;,&quot;unique_names&quot;:true,&quot;file_data_name&quot;:&quot;file&quot;,&quot;url&quot;:&quot;https:\\\/\\\/prosain.fr\\\/en\\\/?gf_page=69e9476beaa04d0&quot;,&quot;flash_swf_url&quot;:&quot;https:\\\/\\\/prosain.fr\\\/wp-includes\\\/js\\\/plupload\\\/plupload.flash.swf&quot;,&quot;silverlight_xap_url&quot;:&quot;https:\\\/\\\/prosain.fr\\\/wp-includes\\\/js\\\/plupload\\\/plupload.silverlight.xap&quot;,&quot;filters&quot;:{&quot;mime_types&quot;:[{&quot;title&quot;:&quot;Allowed Files&quot;,&quot;extensions&quot;:&quot;jpg,gif,png,pdf&quot;}],&quot;max_file_size&quot;:&quot;3145728b&quot;},&quot;multipart&quot;:true,&quot;urlstream_upload&quot;:false,&quot;multipart_params&quot;:{&quot;form_id&quot;:2,&quot;field_id&quot;:25},&quot;gf_vars&quot;:{&quot;max_files&quot;:&quot;2&quot;,&quot;message_id&quot;:&quot;gform_multifile_messages_2_25&quot;,&quot;disallowed_extensions&quot;:[&quot;php&quot;,&quot;asp&quot;,&quot;aspx&quot;,&quot;cmd&quot;,&quot;csh&quot;,&quot;bat&quot;,&quot;html&quot;,&quot;htm&quot;,&quot;hta&quot;,&quot;jar&quot;,&quot;exe&quot;,&quot;com&quot;,&quot;js&quot;,&quot;lnk&quot;,&quot;htaccess&quot;,&quot;phtml&quot;,&quot;ps1&quot;,&quot;ps2&quot;,&quot;php3&quot;,&quot;php4&quot;,&quot;php5&quot;,&quot;php6&quot;,&quot;py&quot;,&quot;rb&quot;,&quot;tmp&quot;]}}' class='gform_fileupload_multifile'>\n\t\t\t\t\t\t\t\t\t\t<div id='gform_drag_drop_area_2_25' class='gform_drop_area'>\n\t\t\t\t\t\t\t\t\t\t\t<span class='gform_drop_instructions'>Drop files here or <\/span>\n\t\t\t\t\t\t\t\t\t\t\t<button type='button' id='gform_browse_button_2_25' class='button gform_button_select_files' aria-describedby=\"gfield_upload_rules_2_25\"  >Select files<\/button>\n\t\t\t\t\t\t\t\t\t\t<\/div>\n\t\t\t\t\t\t\t\t\t<\/div><span class='gform_fileupload_rules' id='gfield_upload_rules_2_25'>Accepted file types: jpg, gif, png, pdf, Max. file size: 3 MB, Max. files: 2.<\/span><ul class='validation_message validation_message--hidden-on-empty gfield_validation_message gform-ul-reset' id='gform_multifile_messages_2_25'><\/ul> <!-- Leave <ul> empty to support CSS :empty selector. --><\/div><div id='gform_preview_2_25'><\/div><\/div><fieldset id=\"field_2_9\"  class=\"gfield gfield--width-full field_sublabel_below field_description_below gfield_visibility_visible\"  data-js-reload=\"field_2_9\"><legend class='gfield_label screen-reader-text gfield_label_before_complex'  ><\/legend><div class='ginput_container ginput_container_checkbox'><div class='gfield_checkbox' id='input_2_9'><div class='gchoice gchoice_2_9_1'>\n\t\t\t\t\t\t\t\t<input class='gfield-choice-input' name='input_9.1' type='checkbox'  value='Je souhaite recevoir la newsletter pour avoir des id\u00e9es recettes et d\u00e9couvrir les actualit\u00e9s Prosain'  id='choice_2_9_1'   \/>\n\t\t\t\t\t\t\t\t<label for='choice_2_9_1' id='label_2_9_1'>Je souhaite recevoir la newsletter pour avoir des id\u00e9es recettes et d\u00e9couvrir les actualit\u00e9s Prosain<\/label>\n\t\t\t\t\t\t\t<\/div><\/div><\/div><\/fieldset><fieldset id=\"field_2_8\"  class=\"gfield gfield--width-full rgpd gfield_contains_required field_sublabel_below field_description_below gfield_visibility_visible\"  data-js-reload=\"field_2_8\"><legend class='gfield_label gfield_label_before_complex'  >RGPD<span class=\"gfield_required\"><span class=\"gfield_required gfield_required_asterisk\">*<\/span><\/span><\/legend><div class='ginput_container ginput_container_consent'><input name='input_8.1' id='input_2_8_1' type='checkbox' value='1'   aria-required=\"true\" aria-invalid=\"false\"   \/> <label class=\"gfield_consent_label\" for='input_2_8_1' >En soumettant ce formulaire, j\u2019accepte que les informations saisies soient exploit\u00e9es uniquement dans le but de r\u00e9pondre \u00e0 ma demande. Pour en savoir plus sur le stockage des donn\u00e9es\u00a0:\u00a0politique de confidentialit\u00e9<\/label><input type='hidden' name='input_8.2' value='En soumettant ce formulaire, j\u2019accepte que les informations saisies soient exploit\u00e9es uniquement dans le but de r\u00e9pondre \u00e0 ma demande. Pour en savoir plus sur le stockage des donn\u00e9es\u00a0:\u00a0politique de confidentialit\u00e9' class='gform_hidden' \/><input type='hidden' name='input_8.3' value='2' class='gform_hidden' \/><\/div><\/fieldset><div id=\"field_2_24\"  class=\"gfield gfield--width-full field_sublabel_below field_description_below hidden_label gfield_visibility_visible\"  data-js-reload=\"field_2_24\"><label class='gfield_label' for='input_2_24' >CAPTCHA<\/label><div id='input_2_24' class='ginput_container ginput_recaptcha' data-sitekey='6LeBqIQdAAAAABrelK0cSOb99ErCbViR2_s9g167'  data-theme='light' data-tabindex='-1' data-size='invisible' data-badge='bottomright'><\/div><\/div><div id=\"field_2_10\"  class=\"gfield ml gfield_html gfield_html_formatted gfield_no_follows_desc field_sublabel_below field_description_below gfield_visibility_visible\"  data-js-reload=\"field_2_10\">Les champs marqu\u00e9s d'un ast\u00e9risque * sont obligatoires<\/div><div id=\"field_2_26\"  class=\"gfield gform_validation_container field_sublabel_below field_description_below gfield_visibility_visible\"  data-js-reload=\"field_2_26\"><label class='gfield_label' for='input_2_26' >Comments<\/label><div class='ginput_container'><input name='input_26' id='input_2_26' type='text' value='' autocomplete='new-password'\/><\/div><div class='gfield_description' id='gfield_description_2_26'>This field is for validation purposes and should be left unchanged.<\/div><\/div><\/div><\/div>\n        <div class='gform_footer top_label'> <input type='submit' id='gform_submit_button_2' class='gform_button button' value='ENVOYER LE MESSAGE'  onclick='if(window[\"gf_submitting_2\"]){return false;}  if( !jQuery(\"#gform_2\")[0].checkValidity || jQuery(\"#gform_2\")[0].checkValidity()){window[\"gf_submitting_2\"]=true;}  ' onkeypress='if( event.keyCode == 13 ){ if(window[\"gf_submitting_2\"]){return false;} if( !jQuery(\"#gform_2\")[0].checkValidity || jQuery(\"#gform_2\")[0].checkValidity()){window[\"gf_submitting_2\"]=true;}  jQuery(\"#gform_2\").trigger(\"submit\",[true]); }' \/> \n            <input type='hidden' class='gform_hidden' name='is_submit_2' value='1' \/>\n            <input type='hidden' class='gform_hidden' name='gform_submit' value='2' \/>\n            \n            <input type='hidden' class='gform_hidden' name='gform_unique_id' value='' \/>\n            <input type='hidden' class='gform_hidden' name='state_2' value='WyJ7XCI4LjFcIjpcImE2MDAyZWE4M2FiNmVmZmI2OGZiMjlkNDhlZjQ3NTQzXCIsXCI4LjJcIjpcImZlZmZiNzA0Nzk5YWQ1NjZkZmY5OTFkYzcwODM0MmQ3XCIsXCI4LjNcIjpcImJlNTYyYzMxZWU5MzFjMTNlMjU2YTQ2MDA4NmIwNGY0XCJ9IiwiMTYyYjhlZDk0NWUyM2ZlYWFmM2U0MmZjZDkwOGUwZGYiXQ==' \/>\n            <input type='hidden' class='gform_hidden' name='gform_target_page_number_2' id='gform_target_page_number_2' value='0' \/>\n            <input type='hidden' class='gform_hidden' name='gform_source_page_number_2' id='gform_source_page_number_2' value='1' \/>\n            <input type='hidden' name='gform_field_values' value='' \/>\n            <input type='hidden' name='gform_uploaded_files' id='gform_uploaded_files_2' value='' \/>\n        <\/div>\n                        <\/form>\n                        <\/div>\n","protected":false},"excerpt":{"rendered":"","protected":false},"author":5,"featured_media":0,"parent":0,"menu_order":0,"comment_status":"closed","ping_status":"closed","template":"","meta":{"_monsterinsights_skip_tracking":false,"_monsterinsights_sitenote_active":false,"_monsterinsights_sitenote_note":"","_monsterinsights_sitenote_category":0,"_glsr_average":0,"_glsr_ranking":0,"_glsr_reviews":0},"acf":[],"yoast_head":"<!-- This site is optimized with the Yoast SEO Premium plugin v19.4 (Yoast SEO v19.9) - https:\/\/yoast.com\/wordpress\/plugins\/seo\/ -->\n<title>Contact - Prosain<\/title>\n<meta name=\"description\" content=\"Contact . Retrouvez Contact de Prosain\" \/>\n<meta name=\"robots\" content=\"index, follow, max-snippet:-1, max-image-preview:large, max-video-preview:-1\" \/>\n<link rel=\"canonical\" href=\"https:\/\/prosain.fr\/en\/contact\/\" \/>\n<meta property=\"og:locale\" content=\"en_US\" \/>\n<meta property=\"og:type\" content=\"article\" \/>\n<meta property=\"og:title\" content=\"Contact\" \/>\n<meta property=\"og:description\" content=\"Contact . Retrouvez Contact de Prosain\" \/>\n<meta property=\"og:url\" content=\"https:\/\/prosain.fr\/contact\/\" \/>\n<meta property=\"og:site_name\" content=\"Prosain\" \/>\n<meta property=\"article:modified_time\" content=\"2024-01-26T09:46:10+00:00\" \/>\n<meta name=\"twitter:card\" content=\"summary_large_image\" \/>\n<meta name=\"twitter:label1\" content=\"Est. reading time\" \/>\n\t<meta name=\"twitter:data1\" content=\"1 minute\" \/>\n<script type=\"application\/ld+json\" class=\"yoast-schema-graph\">{\"@context\":\"https:\/\/schema.org\",\"@graph\":[{\"@type\":\"WebPage\",\"@id\":\"https:\/\/prosain.fr\/contact\/\",\"url\":\"https:\/\/prosain.fr\/contact\/\",\"name\":\"Contact - Prosain\",\"isPartOf\":{\"@id\":\"https:\/\/prosain.fr\/en\/#website\"},\"datePublished\":\"2021-10-20T22:06:17+00:00\",\"dateModified\":\"2024-01-26T09:46:10+00:00\",\"description\":\"Contact . Retrouvez Contact de Prosain\",\"breadcrumb\":{\"@id\":\"https:\/\/prosain.fr\/contact\/#breadcrumb\"},\"inLanguage\":\"en-US\",\"potentialAction\":[{\"@type\":\"ReadAction\",\"target\":[\"https:\/\/prosain.fr\/contact\/\"]}]},{\"@type\":\"BreadcrumbList\",\"@id\":\"https:\/\/prosain.fr\/contact\/#breadcrumb\",\"itemListElement\":[{\"@type\":\"ListItem\",\"position\":1,\"name\":\"Prosain\",\"item\":\"https:\/\/prosain.fr\/en\/\"},{\"@type\":\"ListItem\",\"position\":2,\"name\":\"Contact\"}]},{\"@type\":\"WebSite\",\"@id\":\"https:\/\/prosain.fr\/en\/#website\",\"url\":\"https:\/\/prosain.fr\/en\/\",\"name\":\"Prosain\",\"description\":\"Le sp\u00e9cialiste de l&#039;alimentation biologique et des produits BIO vous apporte sant\u00e9 et bien-\u00eatre\",\"publisher\":{\"@id\":\"https:\/\/prosain.fr\/en\/#organization\"},\"potentialAction\":[{\"@type\":\"SearchAction\",\"target\":{\"@type\":\"EntryPoint\",\"urlTemplate\":\"https:\/\/prosain.fr\/en\/?s={search_term_string}\"},\"query-input\":\"required name=search_term_string\"}],\"inLanguage\":\"en-US\"},{\"@type\":\"Organization\",\"@id\":\"https:\/\/prosain.fr\/en\/#organization\",\"name\":\"Prosain\",\"url\":\"https:\/\/prosain.fr\/en\/\",\"logo\":{\"@type\":\"ImageObject\",\"inLanguage\":\"en-US\",\"@id\":\"https:\/\/prosain.fr\/en\/#\/schema\/logo\/image\/\",\"url\":\"https:\/\/prosain.fr\/wp-content\/uploads\/2021\/10\/prosain.png\",\"contentUrl\":\"https:\/\/prosain.fr\/wp-content\/uploads\/2021\/10\/prosain.png\",\"width\":353,\"height\":151,\"caption\":\"Prosain\"},\"image\":{\"@id\":\"https:\/\/prosain.fr\/en\/#\/schema\/logo\/image\/\"}}]}<\/script>\n<!-- \/ Yoast SEO Premium plugin. -->","yoast_head_json":{"title":"Contact - Prosain","description":"Contact . Retrouvez Contact de Prosain","robots":{"index":"index","follow":"follow","max-snippet":"max-snippet:-1","max-image-preview":"max-image-preview:large","max-video-preview":"max-video-preview:-1"},"canonical":"https:\/\/prosain.fr\/en\/contact\/","og_locale":"en_US","og_type":"article","og_title":"Contact","og_description":"Contact . Retrouvez Contact de Prosain","og_url":"https:\/\/prosain.fr\/contact\/","og_site_name":"Prosain","article_modified_time":"2024-01-26T09:46:10+00:00","twitter_card":"summary_large_image","twitter_misc":{"Est. reading time":"1 minute"},"schema":{"@context":"https:\/\/schema.org","@graph":[{"@type":"WebPage","@id":"https:\/\/prosain.fr\/contact\/","url":"https:\/\/prosain.fr\/contact\/","name":"Contact - Prosain","isPartOf":{"@id":"https:\/\/prosain.fr\/en\/#website"},"datePublished":"2021-10-20T22:06:17+00:00","dateModified":"2024-01-26T09:46:10+00:00","description":"Contact . Retrouvez Contact de Prosain","breadcrumb":{"@id":"https:\/\/prosain.fr\/contact\/#breadcrumb"},"inLanguage":"en-US","potentialAction":[{"@type":"ReadAction","target":["https:\/\/prosain.fr\/contact\/"]}]},{"@type":"BreadcrumbList","@id":"https:\/\/prosain.fr\/contact\/#breadcrumb","itemListElement":[{"@type":"ListItem","position":1,"name":"Prosain","item":"https:\/\/prosain.fr\/en\/"},{"@type":"ListItem","position":2,"name":"Contact"}]},{"@type":"WebSite","@id":"https:\/\/prosain.fr\/en\/#website","url":"https:\/\/prosain.fr\/en\/","name":"Prosain","description":"Le sp\u00e9cialiste de l&#039;alimentation biologique et des produits BIO vous apporte sant\u00e9 et bien-\u00eatre","publisher":{"@id":"https:\/\/prosain.fr\/en\/#organization"},"potentialAction":[{"@type":"SearchAction","target":{"@type":"EntryPoint","urlTemplate":"https:\/\/prosain.fr\/en\/?s={search_term_string}"},"query-input":"required name=search_term_string"}],"inLanguage":"en-US"},{"@type":"Organization","@id":"https:\/\/prosain.fr\/en\/#organization","name":"Prosain","url":"https:\/\/prosain.fr\/en\/","logo":{"@type":"ImageObject","inLanguage":"en-US","@id":"https:\/\/prosain.fr\/en\/#\/schema\/logo\/image\/","url":"https:\/\/prosain.fr\/wp-content\/uploads\/2021\/10\/prosain.png","contentUrl":"https:\/\/prosain.fr\/wp-content\/uploads\/2021\/10\/prosain.png","width":353,"height":151,"caption":"Prosain"},"image":{"@id":"https:\/\/prosain.fr\/en\/#\/schema\/logo\/image\/"}}]}},"_links":{"self":[{"href":"https:\/\/prosain.fr\/en\/wp-json\/wp\/v2\/pages\/1667"}],"collection":[{"href":"https:\/\/prosain.fr\/en\/wp-json\/wp\/v2\/pages"}],"about":[{"href":"https:\/\/prosain.fr\/en\/wp-json\/wp\/v2\/types\/page"}],"author":[{"embeddable":true,"href":"https:\/\/prosain.fr\/en\/wp-json\/wp\/v2\/users\/5"}],"replies":[{"embeddable":true,"href":"https:\/\/prosain.fr\/en\/wp-json\/wp\/v2\/comments?post=1667"}],"version-history":[{"count":8,"href":"https:\/\/prosain.fr\/en\/wp-json\/wp\/v2\/pages\/1667\/revisions"}],"predecessor-version":[{"id":9462,"href":"https:\/\/prosain.fr\/en\/wp-json\/wp\/v2\/pages\/1667\/revisions\/9462"}],"wp:attachment":[{"href":"https:\/\/prosain.fr\/en\/wp-json\/wp\/v2\/media?parent=1667"}],"curies":[{"name":"wp","href":"https:\/\/api.w.org\/{rel}","templated":true}]}}